{"id":1386,"date":"2021-09-20T21:32:46","date_gmt":"2021-09-20T19:32:46","guid":{"rendered":"https:\/\/magictotheworld.de\/?page_id=1386"},"modified":"2023-05-20T14:04:53","modified_gmt":"2023-05-20T12:04:53","slug":"cote-de-ivoire-2021","status":"publish","type":"page","link":"https:\/\/magictotheworld.de\/en\/cote-de-ivoire-2021\/","title":{"rendered":"Kooperationsprojekt  in Abidjan, C\u00f4te d&#8217;Ivoire mit Engagement Global und MIDJ"},"content":{"rendered":"<div class=\"wp-block-image\">\n<figure class=\"aligncenter size-large\"><img loading=\"lazy\" decoding=\"async\" width=\"495\" height=\"273\" src=\"https:\/\/magictotheworld.de\/wp-content\/uploads\/2021\/09\/Alerte-Corruption_zugeschnitten.png\" alt=\"\" class=\"wp-image-1412\" srcset=\"https:\/\/magictotheworld.de\/wp-content\/uploads\/2021\/09\/Alerte-Corruption_zugeschnitten.png 495w, https:\/\/magictotheworld.de\/wp-content\/uploads\/2021\/09\/Alerte-Corruption_zugeschnitten-300x165.png 300w\" sizes=\"auto, (max-width: 495px) 100vw, 495px\" \/><\/figure>\n<\/div>\n\n\n<h3 class=\"wp-block-heading\">Unser Vereinsmitglied Jule ist momentan Teilnehmerin des ASA Programms von Engagement Global und arbeitet mit der lokalen Organisation &#8220;<strong>Mouvement Ivoirien pour les Droits de la Jeunesse<\/strong>&#8221; (MIDJ) in Abidjan, C\u00f4te d&#8217;Ivoire, an einer digitalen L\u00f6sung zur Korruptionsbek\u00e4mpfung. Daf\u00fcr brauchen sie noch finanzielle Unterst\u00fctzung. <\/h3>\n\n\n\n<p>Durch Korruption verliert die C\u00f4te d&#8217;Ivoire pro Jahr laut der Weltbank 250 Milliarden CFA (ca. 380 Millionen Euro). Beim Corruption Perception Index von Transparency International, dem weltweit bekanntesten Korruptionsindikator, belegt die C\u00f4te d&#8217;Ivoire den 104. Platz von 180 und ist damit eines der L\u00e4nder, die am meisten unter Korruption und deren Folgen leiden. Ob Bestechung oder Schmiergelder, Korruption verursacht nicht nur materielle Sch\u00e4den sondern schadet der Gesellschaft als Ganzes. Es hindert das Land daran sich in verschiedensten Bereichen weiterzuentwickeln. <br><br>MIDJ und die Teilnehmenden des ASA-Programms von Engagement Global arbeiten vor Ort an einer nachhaltigen, digitalen L\u00f6sung, um Korruptionsf\u00e4lle sichtbarer zu machen sowie Daten zu sammeln, um in einem n\u00e4chsten Schritt die Regierung aufzufordern, konkrete Schritte zur Korruptionsbek\u00e4mpfung einzuleiten. Die Webseite und App &#8220;Alerte Corruption&#8221; (Alarm Korruption) erm\u00f6glicht es der Bev\u00f6lkerung sich einerseits \u00fcber Korruption zu informieren und zu verstehen, warum Korruption die Entwicklung ihres Landes behindert. Andererseits wird es die M\u00f6glichkeit geben,  konkrete Verdachtsf\u00e4lle auf Korruption zu melden. Hierf\u00fcr brauchen wir noch finanzielle Unterst\u00fctzung, um Kosten f\u00fcr die Webseite, Sicherheitschecks und administrative Kosten abzudecken. <\/p>\n\n\n\n<figure class=\"wp-block-image size-large\"><img loading=\"lazy\" decoding=\"async\" width=\"1024\" height=\"466\" src=\"https:\/\/magictotheworld.de\/wp-content\/uploads\/2021\/09\/68234.jpg\" alt=\"\" class=\"wp-image-1397\" srcset=\"https:\/\/magictotheworld.de\/wp-content\/uploads\/2021\/09\/68234.jpg 1024w, https:\/\/magictotheworld.de\/wp-content\/uploads\/2021\/09\/68234-300x137.jpg 300w, https:\/\/magictotheworld.de\/wp-content\/uploads\/2021\/09\/68234-768x350.jpg 768w\" sizes=\"auto, (max-width: 1024px) 100vw, 1024px\" \/><figcaption class=\"wp-element-caption\">Das Team: Ben, Jule, Julian und Marina bei den ersten Arbeitsstunden im B\u00fcro in Abidjan. (v.l.)<\/figcaption><\/figure>\n\n\n\n<div class=\"wp-block-columns is-layout-flex wp-container-core-columns-is-layout-9d6595d7 wp-block-columns-is-layout-flex\">\n<div class=\"wp-block-column is-layout-flow wp-block-column-is-layout-flow\" style=\"flex-basis:100%\">\n<figure class=\"wp-block-image size-large\"><img loading=\"lazy\" decoding=\"async\" width=\"1024\" height=\"839\" src=\"https:\/\/magictotheworld.de\/wp-content\/uploads\/2021\/09\/unnamed-2-1024x839.jpg\" alt=\"\" class=\"wp-image-1399\" srcset=\"https:\/\/magictotheworld.de\/wp-content\/uploads\/2021\/09\/unnamed-2-1024x839.jpg 1024w, https:\/\/magictotheworld.de\/wp-content\/uploads\/2021\/09\/unnamed-2-300x246.jpg 300w, https:\/\/magictotheworld.de\/wp-content\/uploads\/2021\/09\/unnamed-2-768x629.jpg 768w, https:\/\/magictotheworld.de\/wp-content\/uploads\/2021\/09\/unnamed-2.jpg 1171w\" sizes=\"auto, (max-width: 1024px) 100vw, 1024px\" \/><figcaption class=\"wp-element-caption\">Das Team trifft in Abidjan verschiedene Partnerinstitutionen um ein breites Netzwerk im Kampf gegen Korruption aufzubauen. Auf dem Bild ein Vertreter der Friedrich-Naumann-Stiftung. <\/figcaption><\/figure>\n<\/div>\n<\/div>\n\n\n\n<h3 class=\"wp-block-heading has-text-align-center\"><strong><em>So kannst du unser Kooperations-Projekt in Cote d&#8217;Ivoire unterst\u00fctzen:<\/em><\/strong><\/h3>\n\n\n\n<ul class=\"wp-block-list\">\n<li>Per <strong>\u00dcberweisung auf unser Spendenkonto<\/strong> mit <strong>Betreff &#8220;Cote d&#8217;Ivoire&#8221;<\/strong> (Skatbank, keine Geb\u00fchren): <\/li>\n<\/ul>\n\n\n\n<figure class=\"wp-block-table\"><table><tbody><tr><td>Empf\u00e4nger:<\/td><td>Magic to the World e.V.<\/td><\/tr><tr><td>IBAN:<\/td><td>DE65 4306 0967 1309 7243 00<\/td><\/tr><tr><td>BIC:<\/td><td>GENODEM1GLS<\/td><\/tr><\/tbody><\/table><\/figure>\n\n\n\n<ul class=\"wp-block-list\">\n<li>Via <strong><a href=\"http:\/\/paypal.me\/mttwev\">Paypal an Magic to the World e.V.<\/a><\/strong> (ca. 2% Geb\u00fchren)<\/li>\n\n\n\n<li>Via <a rel=\"noreferrer noopener\" href=\"https:\/\/gofund.me\/b0ca3056\" target=\"_blank\">GoFundMe<\/a> (ca. 3,9% Geb\u00fchren)<\/li>\n<\/ul>\n\n\n\n<p><em>Hinweis: Falls die notwendige Summe zur Finanzierung des Projekts nicht erreicht werden kann, werden die Spenden der <a href=\"https:\/\/magictotheworld.de\/magic-to-cameroon\/\">Sustainable Womens Organisation<\/a> in Kamerun zu Gute kommen. Fragen dazu jederzeit gerne an unser Team. <\/em><\/p>\n\n\n\n<p><strong>Quellen: <\/strong><br>Transparency International 2021, Online: https:\/\/www.transparency.org\/en\/countries\/c%C3%B4te-divoire<br>Weltbank, 2020, Online: https:\/\/donnees.banquemondiale.org\/pays\/cote-d%27ivoire<br><\/p>\n\n\n\n<p><\/p>\n\n\n\n<p><\/p>\n","protected":false},"excerpt":{"rendered":"<p>Unser Vereinsmitglied Jule ist momentan Teilnehmerin des ASA Programms von Engagement Global und arbeitet mit der lokalen Organisation &#8220;Mouvement Ivoirien pour les Droits de la Jeunesse&#8221; (MIDJ) in Abidjan, C\u00f4te d&#8217;Ivoire, an einer digitalen L\u00f6sung zur Korruptionsbek\u00e4mpfung. Daf\u00fcr brauchen sie noch finanzielle Unterst\u00fctzung. Durch Korruption verliert die C\u00f4te d&#8217;Ivoire pro Jahr laut der Weltbank 250 <a class=\"more-link\" href=\"https:\/\/magictotheworld.de\/en\/cote-de-ivoire-2021\/\">Read More &#8230;<\/a><\/p>\n","protected":false},"author":1,"featured_media":1410,"parent":0,"menu_order":0,"comment_status":"closed","ping_status":"closed","template":"","meta":{"ngg_post_thumbnail":0,"footnotes":""},"class_list":["post-1386","page","type-page","status-publish","has-post-thumbnail","hentry"],"translation":{"provider":"WPGlobus","version":"3.0.2","language":"en","enabled_languages":["de","en"],"languages":{"de":{"title":true,"content":true,"excerpt":false},"en":{"title":false,"content":false,"excerpt":false}}},"_links":{"self":[{"href":"https:\/\/magictotheworld.de\/en\/wp-json\/wp\/v2\/pages\/1386","targetHints":{"allow":["GET"]}}],"collection":[{"href":"https:\/\/magictotheworld.de\/en\/wp-json\/wp\/v2\/pages"}],"about":[{"href":"https:\/\/magictotheworld.de\/en\/wp-json\/wp\/v2\/types\/page"}],"author":[{"embeddable":true,"href":"https:\/\/magictotheworld.de\/en\/wp-json\/wp\/v2\/users\/1"}],"replies":[{"embeddable":true,"href":"https:\/\/magictotheworld.de\/en\/wp-json\/wp\/v2\/comments?post=1386"}],"version-history":[{"count":13,"href":"https:\/\/magictotheworld.de\/en\/wp-json\/wp\/v2\/pages\/1386\/revisions"}],"predecessor-version":[{"id":2035,"href":"https:\/\/magictotheworld.de\/en\/wp-json\/wp\/v2\/pages\/1386\/revisions\/2035"}],"wp:featuredmedia":[{"embeddable":true,"href":"https:\/\/magictotheworld.de\/en\/wp-json\/wp\/v2\/media\/1410"}],"wp:attachment":[{"href":"https:\/\/magictotheworld.de\/en\/wp-json\/wp\/v2\/media?parent=1386"}],"curies":[{"name":"wp","href":"https:\/\/api.w.org\/{rel}","templated":true}]}}